{"id":10,"date":"2011-10-18T11:48:29","date_gmt":"2011-10-18T11:48:29","guid":{"rendered":"http:\/\/pescher130.de\/?page_id=10"},"modified":"2011-10-19T14:08:14","modified_gmt":"2011-10-19T14:08:14","slug":"2-obergeschoss","status":"publish","type":"page","link":"https:\/\/pescher130.de\/?page_id=10","title":{"rendered":"2. Obergeschoss"},"content":{"rendered":"<p><a href=\"http:\/\/pescher130.de\/wp-content\/uploads\/2011\/10\/2obergeschoss.jpg\"><img loading=\"lazy\" class=\"alignnone size-full wp-image-53\" title=\"2obergeschoss\" src=\"http:\/\/pescher130.de\/wp-content\/uploads\/2011\/10\/2obergeschoss.jpg\" alt=\"\" width=\"400\" height=\"397\" srcset=\"https:\/\/pescher130.de\/wp-content\/uploads\/2011\/10\/2obergeschoss.jpg 400w, https:\/\/pescher130.de\/wp-content\/uploads\/2011\/10\/2obergeschoss-150x150.jpg 150w, https:\/\/pescher130.de\/wp-content\/uploads\/2011\/10\/2obergeschoss-300x297.jpg 300w, https:\/\/pescher130.de\/wp-content\/uploads\/2011\/10\/2obergeschoss-302x300.jpg 302w\" sizes=\"(max-width: 400px) 100vw, 400px\" \/><\/a><\/p>\n<p>Wohnung Nr.3<\/p>\n<p><strong>4 Zimmer ca 100qm<\/strong><\/p>\n<p>Gro\u00dfer Wohnraum ca. 33,5qm und gro\u00dfer Balkon zur S\u00fcdseite, 2 Kinderzimmer, Schlafzimmer, zwei Badezimmer (1 mal mit Dusche, 1 mal mit Badewanne), K\u00fcche, Diele.<\/p>\n<p>Miete:<br \/>\n100,00 x 8,00 \u20ac = 800 \u20ac zuz\u00fcglich Nebenkosten 190 \u20ac<br \/>\nKaution: 1.600 \u20ac<br \/>\nGarage = 50,00 \u20ac &#8211; Stellplatz = 25 \u20ac<!-- PHP 5.x --><\/p>\n","protected":false},"excerpt":{"rendered":"<p>Wohnung Nr.3 4 Zimmer ca 100qm Gro\u00dfer Wohnraum ca. 33,5qm und gro\u00dfer Balkon zur S\u00fcdseite, 2 Kinderzimmer, Schlafzimmer, zwei Badezimmer (1 mal mit Dusche, 1 mal mit Badewanne), K\u00fcche, Diele. Miete: 100,00 x 8,00 \u20ac = 800 \u20ac zuz\u00fcglich Nebenkosten &hellip; <a href=\"https:\/\/pescher130.de\/?page_id=10\">Weiterlesen <span class=\"meta-nav\">&rarr;<\/span><\/a><\/p>\n","protected":false},"author":1,"featured_media":0,"parent":8,"menu_order":0,"comment_status":"closed","ping_status":"closed","template":"","meta":[],"_links":{"self":[{"href":"https:\/\/pescher130.de\/index.php?rest_route=\/wp\/v2\/pages\/10"}],"collection":[{"href":"https:\/\/pescher130.de\/index.php?rest_route=\/wp\/v2\/pages"}],"about":[{"href":"https:\/\/pescher130.de\/index.php?rest_route=\/wp\/v2\/types\/page"}],"author":[{"embeddable":true,"href":"https:\/\/pescher130.de\/index.php?rest_route=\/wp\/v2\/users\/1"}],"replies":[{"embeddable":true,"href":"https:\/\/pescher130.de\/index.php?rest_route=%2Fwp%2Fv2%2Fcomments&post=10"}],"version-history":[{"count":7,"href":"https:\/\/pescher130.de\/index.php?rest_route=\/wp\/v2\/pages\/10\/revisions"}],"predecessor-version":[{"id":107,"href":"https:\/\/pescher130.de\/index.php?rest_route=\/wp\/v2\/pages\/10\/revisions\/107"}],"up":[{"embeddable":true,"href":"https:\/\/pescher130.de\/index.php?rest_route=\/wp\/v2\/pages\/8"}],"wp:attachment":[{"href":"https:\/\/pescher130.de\/index.php?rest_route=%2Fwp%2Fv2%2Fmedia&parent=10"}],"curies":[{"name":"wp","href":"https:\/\/api.w.org\/{rel}","templated":true}]}}