{"id":12,"date":"2011-10-18T11:48:50","date_gmt":"2011-10-18T11:48:50","guid":{"rendered":"http:\/\/pescher130.de\/?page_id=12"},"modified":"2012-05-10T07:49:21","modified_gmt":"2012-05-10T07:49:21","slug":"dachgeschoss-links","status":"publish","type":"page","link":"https:\/\/pescher130.de\/?page_id=12","title":{"rendered":"Dachgeschoss links mit Dachspitze"},"content":{"rendered":"<p>&nbsp;<\/p>\n<p><a href=\"http:\/\/pescher130.de\/wp-content\/uploads\/2011\/10\/dachgeschoss_mit1.jpg\"><img loading=\"lazy\" class=\"alignnone size-full wp-image-42\" title=\"dachgeschoss_mit\" src=\"http:\/\/pescher130.de\/wp-content\/uploads\/2011\/10\/dachgeschoss_mit1.jpg\" alt=\"\" width=\"500\" height=\"334\" srcset=\"https:\/\/pescher130.de\/wp-content\/uploads\/2011\/10\/dachgeschoss_mit1.jpg 500w, https:\/\/pescher130.de\/wp-content\/uploads\/2011\/10\/dachgeschoss_mit1-300x200.jpg 300w, https:\/\/pescher130.de\/wp-content\/uploads\/2011\/10\/dachgeschoss_mit1-449x300.jpg 449w\" sizes=\"(max-width: 500px) 100vw, 500px\" \/><\/a><\/p>\n<p>Wohnung Nr. 4<\/p>\n\n\t\t<style type=\"text\/css\">\n\t\t\t#gallery-1 {\n\t\t\t\tmargin: auto;\n\t\t\t}\n\t\t\t#gallery-1 .gallery-item {\n\t\t\t\tfloat: left;\n\t\t\t\tmargin-top: 10px;\n\t\t\t\ttext-align: center;\n\t\t\t\twidth: 33%;\n\t\t\t}\n\t\t\t#gallery-1 img {\n\t\t\t\tborder: 2px solid #cfcfcf;\n\t\t\t}\n\t\t\t#gallery-1 .gallery-caption {\n\t\t\t\tmargin-left: 0;\n\t\t\t}\n\t\t\t\/* see gallery_shortcode() in wp-includes\/media.php *\/\n\t\t<\/style>\n\t\t<div id='gallery-1' class='gallery galleryid-12 gallery-columns-3 gallery-size-thumbnail'><dl class='gallery-item'>\n\t\t\t<dt class='gallery-icon landscape'>\n\t\t\t\t<a href='https:\/\/pescher130.de\/?attachment_id=165'><img width=\"150\" height=\"150\" src=\"https:\/\/pescher130.de\/wp-content\/uploads\/2011\/10\/Wohnbereich-Bild-1-150x150.jpg\" class=\"attachment-thumbnail size-thumbnail\" alt=\"\" loading=\"lazy\" \/><\/a>\n\t\t\t<\/dt><\/dl><dl class='gallery-item'>\n\t\t\t<dt class='gallery-icon landscape'>\n\t\t\t\t<a href='https:\/\/pescher130.de\/?attachment_id=167'><img width=\"150\" height=\"150\" src=\"https:\/\/pescher130.de\/wp-content\/uploads\/2011\/10\/Wohnbereich-Bild-4-150x150.jpg\" class=\"attachment-thumbnail size-thumbnail\" alt=\"\" loading=\"lazy\" \/><\/a>\n\t\t\t<\/dt><\/dl><dl class='gallery-item'>\n\t\t\t<dt class='gallery-icon landscape'>\n\t\t\t\t<a href='https:\/\/pescher130.de\/?attachment_id=164'><img width=\"150\" height=\"150\" src=\"https:\/\/pescher130.de\/wp-content\/uploads\/2011\/10\/Wohnbereich-Bild2-150x150.jpg\" class=\"attachment-thumbnail size-thumbnail\" alt=\"\" loading=\"lazy\" \/><\/a>\n\t\t\t<\/dt><\/dl><br style=\"clear: both\" \/><dl class='gallery-item'>\n\t\t\t<dt class='gallery-icon landscape'>\n\t\t\t\t<a href='https:\/\/pescher130.de\/?attachment_id=166'><img width=\"150\" height=\"150\" src=\"https:\/\/pescher130.de\/wp-content\/uploads\/2011\/10\/Wohnbereich-Bild-3-150x150.jpg\" class=\"attachment-thumbnail size-thumbnail\" alt=\"\" loading=\"lazy\" \/><\/a>\n\t\t\t<\/dt><\/dl><dl class='gallery-item'>\n\t\t\t<dt class='gallery-icon portrait'>\n\t\t\t\t<a href='https:\/\/pescher130.de\/?attachment_id=163'><img width=\"150\" height=\"150\" src=\"https:\/\/pescher130.de\/wp-content\/uploads\/2011\/10\/Wendeltreppe1-150x150.jpg\" class=\"attachment-thumbnail size-thumbnail\" alt=\"\" loading=\"lazy\" \/><\/a>\n\t\t\t<\/dt><\/dl><dl class='gallery-item'>\n\t\t\t<dt class='gallery-icon landscape'>\n\t\t\t\t<a href='https:\/\/pescher130.de\/?attachment_id=162'><img width=\"150\" height=\"150\" src=\"https:\/\/pescher130.de\/wp-content\/uploads\/2011\/10\/K\u00fcchenbereich-Bild-3-150x150.jpg\" class=\"attachment-thumbnail size-thumbnail\" alt=\"\" loading=\"lazy\" \/><\/a>\n\t\t\t<\/dt><\/dl><br style=\"clear: both\" \/><dl class='gallery-item'>\n\t\t\t<dt class='gallery-icon landscape'>\n\t\t\t\t<a href='https:\/\/pescher130.de\/?attachment_id=160'><img width=\"150\" height=\"150\" src=\"https:\/\/pescher130.de\/wp-content\/uploads\/2011\/10\/K\u00fcchenbereich-Bild-1-150x150.jpg\" class=\"attachment-thumbnail size-thumbnail\" alt=\"\" loading=\"lazy\" \/><\/a>\n\t\t\t<\/dt><\/dl><dl class='gallery-item'>\n\t\t\t<dt class='gallery-icon landscape'>\n\t\t\t\t<a href='https:\/\/pescher130.de\/?attachment_id=161'><img width=\"150\" height=\"150\" src=\"https:\/\/pescher130.de\/wp-content\/uploads\/2011\/10\/K\u00fcchenbereich-Bild-2-150x150.jpg\" class=\"attachment-thumbnail size-thumbnail\" alt=\"\" loading=\"lazy\" \/><\/a>\n\t\t\t<\/dt><\/dl><dl class='gallery-item'>\n\t\t\t<dt class='gallery-icon landscape'>\n\t\t\t\t<a href='https:\/\/pescher130.de\/?attachment_id=159'><img width=\"150\" height=\"150\" src=\"https:\/\/pescher130.de\/wp-content\/uploads\/2011\/10\/Balkonbereich1-150x150.jpg\" class=\"attachment-thumbnail size-thumbnail\" alt=\"\" loading=\"lazy\" \/><\/a>\n\t\t\t<\/dt><\/dl><br style=\"clear: both\" \/><dl class='gallery-item'>\n\t\t\t<dt class='gallery-icon portrait'>\n\t\t\t\t<a href='https:\/\/pescher130.de\/?attachment_id=157'><img width=\"150\" height=\"150\" src=\"https:\/\/pescher130.de\/wp-content\/uploads\/2011\/10\/Badezimmer-Bild-1-150x150.jpg\" class=\"attachment-thumbnail size-thumbnail\" alt=\"\" loading=\"lazy\" \/><\/a>\n\t\t\t<\/dt><\/dl><dl class='gallery-item'>\n\t\t\t<dt class='gallery-icon portrait'>\n\t\t\t\t<a href='https:\/\/pescher130.de\/?attachment_id=158'><img width=\"150\" height=\"150\" src=\"https:\/\/pescher130.de\/wp-content\/uploads\/2011\/10\/Badezimmer-Bild-2-150x150.jpg\" class=\"attachment-thumbnail size-thumbnail\" alt=\"\" loading=\"lazy\" \/><\/a>\n\t\t\t<\/dt><\/dl><dl class='gallery-item'>\n\t\t\t<dt class='gallery-icon landscape'>\n\t\t\t\t<a href='https:\/\/pescher130.de\/?attachment_id=42'><img width=\"150\" height=\"150\" src=\"https:\/\/pescher130.de\/wp-content\/uploads\/2011\/10\/dachgeschoss_mit1-150x150.jpg\" class=\"attachment-thumbnail size-thumbnail\" alt=\"\" loading=\"lazy\" \/><\/a>\n\t\t\t<\/dt><\/dl><br style=\"clear: both\" \/><dl class='gallery-item'>\n\t\t\t<dt class='gallery-icon portrait'>\n\t\t\t\t<a href='https:\/\/pescher130.de\/?attachment_id=40'><img width=\"150\" height=\"150\" src=\"https:\/\/pescher130.de\/wp-content\/uploads\/2011\/10\/dachgeschoss_mit-150x150.jpg\" class=\"attachment-thumbnail size-thumbnail\" alt=\"\" loading=\"lazy\" \/><\/a>\n\t\t\t<\/dt><\/dl><dl class='gallery-item'>\n\t\t\t<dt class='gallery-icon portrait'>\n\t\t\t\t<a href='https:\/\/pescher130.de\/?attachment_id=37'><img width=\"150\" height=\"150\" src=\"https:\/\/pescher130.de\/wp-content\/uploads\/2011\/10\/dachgeschoss_libnks-150x150.jpg\" class=\"attachment-thumbnail size-thumbnail\" alt=\"\" loading=\"lazy\" \/><\/a>\n\t\t\t<\/dt><\/dl>\n\t\t\t<br style='clear: both' \/>\n\t\t<\/div>\n\n<p><strong>2 Zimmer ca 59qm<\/strong><\/p>\n<p>Dachgeschoss mit Dachspitze \u00fcber Wendeltreppe ca 59,00qm.<\/p>\n<p>Gro\u00dfer Wohnraum mit Kochecke und gro\u00dfem, zum Teil \u00fcberdachtem Balkon.<\/p>\n<p>Schlafzimmer und Badezimmer mit Dusche \u00fcber Wendeltreppe in Dachspitze.<\/p>\n<p>Miete:<br \/>\n59,00 x 8,20 \u20ac = 483,80 \u20ac zuz\u00fcglich Nebenkosten 145,00 \u20ac<br \/>\nKaution: 970,00 \u20ac<br \/>\nGarage= 50,00 \u20ac &#8211; Stellplatz 25,00 \u20ac<!-- PHP 5.x --><\/p>\n","protected":false},"excerpt":{"rendered":"<p>&nbsp; Wohnung Nr. 4 2 Zimmer ca 59qm Dachgeschoss mit Dachspitze \u00fcber Wendeltreppe ca 59,00qm. Gro\u00dfer Wohnraum mit Kochecke und gro\u00dfem, zum Teil \u00fcberdachtem Balkon. Schlafzimmer und Badezimmer mit Dusche \u00fcber Wendeltreppe in Dachspitze. Miete: 59,00 x 8,20 \u20ac = &hellip; <a href=\"https:\/\/pescher130.de\/?page_id=12\">Weiterlesen <span class=\"meta-nav\">&rarr;<\/span><\/a><\/p>\n","protected":false},"author":1,"featured_media":0,"parent":0,"menu_order":0,"comment_status":"closed","ping_status":"closed","template":"","meta":[],"_links":{"self":[{"href":"https:\/\/pescher130.de\/index.php?rest_route=\/wp\/v2\/pages\/12"}],"collection":[{"href":"https:\/\/pescher130.de\/index.php?rest_route=\/wp\/v2\/pages"}],"about":[{"href":"https:\/\/pescher130.de\/index.php?rest_route=\/wp\/v2\/types\/page"}],"author":[{"embeddable":true,"href":"https:\/\/pescher130.de\/index.php?rest_route=\/wp\/v2\/users\/1"}],"replies":[{"embeddable":true,"href":"https:\/\/pescher130.de\/index.php?rest_route=%2Fwp%2Fv2%2Fcomments&post=12"}],"version-history":[{"count":11,"href":"https:\/\/pescher130.de\/index.php?rest_route=\/wp\/v2\/pages\/12\/revisions"}],"predecessor-version":[{"id":38,"href":"https:\/\/pescher130.de\/index.php?rest_route=\/wp\/v2\/pages\/12\/revisions\/38"}],"wp:attachment":[{"href":"https:\/\/pescher130.de\/index.php?rest_route=%2Fwp%2Fv2%2Fmedia&parent=12"}],"curies":[{"name":"wp","href":"https:\/\/api.w.org\/{rel}","templated":true}]}}