{"id":14,"date":"2011-10-18T11:49:10","date_gmt":"2011-10-18T11:49:10","guid":{"rendered":"http:\/\/pescher130.de\/?page_id=14"},"modified":"2011-11-10T14:02:27","modified_gmt":"2011-11-10T14:02:27","slug":"dachgeschoss-rechts","status":"publish","type":"page","link":"https:\/\/pescher130.de\/?page_id=14","title":{"rendered":"Dachgeschoss rechts mit Dachspitze"},"content":{"rendered":"<p><a href=\"http:\/\/pescher130.de\/wp-content\/uploads\/2011\/10\/dachgeschoss_rechts_mit.jpg\">\n\t\t<style type=\"text\/css\">\n\t\t\t#gallery-1 {\n\t\t\t\tmargin: auto;\n\t\t\t}\n\t\t\t#gallery-1 .gallery-item {\n\t\t\t\tfloat: left;\n\t\t\t\tmargin-top: 10px;\n\t\t\t\ttext-align: center;\n\t\t\t\twidth: 33%;\n\t\t\t}\n\t\t\t#gallery-1 img {\n\t\t\t\tborder: 2px solid #cfcfcf;\n\t\t\t}\n\t\t\t#gallery-1 .gallery-caption {\n\t\t\t\tmargin-left: 0;\n\t\t\t}\n\t\t\t\/* see gallery_shortcode() in wp-includes\/media.php *\/\n\t\t<\/style>\n\t\t<div id='gallery-1' class='gallery galleryid-14 gallery-columns-3 gallery-size-thumbnail'><dl class='gallery-item'>\n\t\t\t<dt class='gallery-icon landscape'>\n\t\t\t\t<a href='https:\/\/pescher130.de\/?attachment_id=132'><img width=\"150\" height=\"150\" src=\"https:\/\/pescher130.de\/wp-content\/uploads\/2011\/10\/Grundrisszeichnung-150x150.jpg\" class=\"attachment-thumbnail size-thumbnail\" alt=\"\" loading=\"lazy\" \/><\/a>\n\t\t\t<\/dt><\/dl><dl class='gallery-item'>\n\t\t\t<dt class='gallery-icon landscape'>\n\t\t\t\t<a href='https:\/\/pescher130.de\/?attachment_id=134'><img width=\"150\" height=\"150\" src=\"https:\/\/pescher130.de\/wp-content\/uploads\/2011\/10\/IMG_1770-150x150.jpg\" class=\"attachment-thumbnail size-thumbnail\" alt=\"\" loading=\"lazy\" \/><\/a>\n\t\t\t<\/dt><\/dl><dl class='gallery-item'>\n\t\t\t<dt class='gallery-icon landscape'>\n\t\t\t\t<a href='https:\/\/pescher130.de\/?attachment_id=136'><img width=\"150\" height=\"150\" src=\"https:\/\/pescher130.de\/wp-content\/uploads\/2011\/10\/IMG_1772-150x150.jpg\" class=\"attachment-thumbnail size-thumbnail\" alt=\"\" loading=\"lazy\" \/><\/a>\n\t\t\t<\/dt><\/dl><br style=\"clear: both\" \/><dl class='gallery-item'>\n\t\t\t<dt class='gallery-icon landscape'>\n\t\t\t\t<a href='https:\/\/pescher130.de\/?attachment_id=137'><img width=\"150\" height=\"150\" src=\"https:\/\/pescher130.de\/wp-content\/uploads\/2011\/10\/IMG_1773-150x150.jpg\" class=\"attachment-thumbnail size-thumbnail\" alt=\"\" loading=\"lazy\" \/><\/a>\n\t\t\t<\/dt><\/dl><dl class='gallery-item'>\n\t\t\t<dt class='gallery-icon landscape'>\n\t\t\t\t<a href='https:\/\/pescher130.de\/?attachment_id=138'><img width=\"150\" height=\"150\" src=\"https:\/\/pescher130.de\/wp-content\/uploads\/2011\/10\/IMG_1774-150x150.jpg\" class=\"attachment-thumbnail size-thumbnail\" alt=\"\" loading=\"lazy\" \/><\/a>\n\t\t\t<\/dt><\/dl><dl class='gallery-item'>\n\t\t\t<dt class='gallery-icon landscape'>\n\t\t\t\t<a href='https:\/\/pescher130.de\/?attachment_id=130'><img width=\"150\" height=\"150\" src=\"https:\/\/pescher130.de\/wp-content\/uploads\/2011\/10\/Wohnung_Allg-150x150.jpg\" class=\"attachment-thumbnail size-thumbnail\" alt=\"\" loading=\"lazy\" \/><\/a>\n\t\t\t<\/dt><\/dl><br style=\"clear: both\" \/><dl class='gallery-item'>\n\t\t\t<dt class='gallery-icon landscape'>\n\t\t\t\t<a href='https:\/\/pescher130.de\/?attachment_id=129'><img width=\"150\" height=\"150\" src=\"https:\/\/pescher130.de\/wp-content\/uploads\/2011\/10\/Wohnung_31-150x150.jpg\" class=\"attachment-thumbnail size-thumbnail\" alt=\"\" loading=\"lazy\" \/><\/a>\n\t\t\t<\/dt><\/dl><dl class='gallery-item'>\n\t\t\t<dt class='gallery-icon landscape'>\n\t\t\t\t<a href='https:\/\/pescher130.de\/?attachment_id=128'><img width=\"150\" height=\"150\" src=\"https:\/\/pescher130.de\/wp-content\/uploads\/2011\/10\/Wohnung_21-150x150.jpg\" class=\"attachment-thumbnail size-thumbnail\" alt=\"\" loading=\"lazy\" \/><\/a>\n\t\t\t<\/dt><\/dl><dl class='gallery-item'>\n\t\t\t<dt class='gallery-icon landscape'>\n\t\t\t\t<a href='https:\/\/pescher130.de\/?attachment_id=127'><img width=\"150\" height=\"150\" src=\"https:\/\/pescher130.de\/wp-content\/uploads\/2011\/10\/Wohnung_11-150x150.jpg\" class=\"attachment-thumbnail size-thumbnail\" alt=\"\" loading=\"lazy\" \/><\/a>\n\t\t\t<\/dt><\/dl><br style=\"clear: both\" \/><dl class='gallery-item'>\n\t\t\t<dt class='gallery-icon landscape'>\n\t\t\t\t<a href='https:\/\/pescher130.de\/?attachment_id=126'><img width=\"150\" height=\"150\" src=\"https:\/\/pescher130.de\/wp-content\/uploads\/2011\/10\/Oben_Bild_11-150x150.jpg\" class=\"attachment-thumbnail size-thumbnail\" alt=\"\" loading=\"lazy\" \/><\/a>\n\t\t\t<\/dt><\/dl><dl class='gallery-item'>\n\t\t\t<dt class='gallery-icon landscape'>\n\t\t\t\t<a href='https:\/\/pescher130.de\/?attachment_id=125'><img width=\"150\" height=\"150\" src=\"https:\/\/pescher130.de\/wp-content\/uploads\/2011\/10\/Oben_21-150x150.jpg\" class=\"attachment-thumbnail size-thumbnail\" alt=\"\" loading=\"lazy\" \/><\/a>\n\t\t\t<\/dt><\/dl><dl class='gallery-item'>\n\t\t\t<dt class='gallery-icon landscape'>\n\t\t\t\t<a href='https:\/\/pescher130.de\/?attachment_id=124'><img width=\"150\" height=\"150\" src=\"https:\/\/pescher130.de\/wp-content\/uploads\/2011\/10\/K\u00fcche_11-150x150.jpg\" class=\"attachment-thumbnail size-thumbnail\" alt=\"\" loading=\"lazy\" \/><\/a>\n\t\t\t<\/dt><\/dl><br style=\"clear: both\" \/><dl class='gallery-item'>\n\t\t\t<dt class='gallery-icon landscape'>\n\t\t\t\t<a href='https:\/\/pescher130.de\/?attachment_id=123'><img width=\"150\" height=\"150\" src=\"https:\/\/pescher130.de\/wp-content\/uploads\/2011\/10\/Balkon1-150x150.jpg\" class=\"attachment-thumbnail size-thumbnail\" alt=\"\" loading=\"lazy\" \/><\/a>\n\t\t\t<\/dt><\/dl><dl class='gallery-item'>\n\t\t\t<dt class='gallery-icon landscape'>\n\t\t\t\t<a href='https:\/\/pescher130.de\/?attachment_id=122'><img width=\"150\" height=\"150\" src=\"https:\/\/pescher130.de\/wp-content\/uploads\/2011\/10\/Bad_21-150x150.jpg\" class=\"attachment-thumbnail size-thumbnail\" alt=\"\" loading=\"lazy\" \/><\/a>\n\t\t\t<\/dt><\/dl><dl class='gallery-item'>\n\t\t\t<dt class='gallery-icon landscape'>\n\t\t\t\t<a href='https:\/\/pescher130.de\/?attachment_id=58'><img width=\"150\" height=\"150\" src=\"https:\/\/pescher130.de\/wp-content\/uploads\/2011\/10\/dachgeschoss_rechts_mit-150x150.jpg\" class=\"attachment-thumbnail size-thumbnail\" alt=\"\" loading=\"lazy\" \/><\/a>\n\t\t\t<\/dt><\/dl><br style=\"clear: both\" \/>\n\t\t<\/div>\n<\/p>\n<p><\/a><\/p>\n<p>&nbsp;<\/p>\n<p><img loading=\"lazy\" class=\"alignnone size-full wp-image-58\" title=\"dachgeschoss_rechts_mit\" src=\"http:\/\/pescher130.de\/wp-content\/uploads\/2011\/10\/dachgeschoss_rechts_mit.jpg\" alt=\"\" width=\"500\" height=\"346\" srcset=\"https:\/\/pescher130.de\/wp-content\/uploads\/2011\/10\/dachgeschoss_rechts_mit.jpg 500w, https:\/\/pescher130.de\/wp-content\/uploads\/2011\/10\/dachgeschoss_rechts_mit-300x207.jpg 300w, https:\/\/pescher130.de\/wp-content\/uploads\/2011\/10\/dachgeschoss_rechts_mit-433x300.jpg 433w\" sizes=\"(max-width: 500px) 100vw, 500px\" \/><\/p>\n<p>Wohnung Nr. 5<\/p>\n<p><strong>2 Zimmer ca 46qm<\/strong><\/p>\n<p>Dachgeschoss mit Dachspitze \u00fcber Wendeltreppe ca.46,00qm.<\/p>\n<p>Gro\u00dfer Wohnraum mit K\u00fcche und Balkon, Badezimmer mit Dusche..<\/p>\n<p>Schlafzimmer \u00fcber Wendeltreppe in Dachspitze.<\/p>\n<p>Miete:<br \/>\n46,00 x 8,20 \u20ac = 377,20 \u20ac zuz\u00fcglich Nebenkosten 140,00 \u20ac<br \/>\nKaution: 755,00 \u20ac<\/p>\n<p>Stellplatz 25,00 \u20ac<!-- PHP 5.x --><\/p>\n","protected":false},"excerpt":{"rendered":"<p>&nbsp; Wohnung Nr. 5 2 Zimmer ca 46qm Dachgeschoss mit Dachspitze \u00fcber Wendeltreppe ca.46,00qm. Gro\u00dfer Wohnraum mit K\u00fcche und Balkon, Badezimmer mit Dusche.. Schlafzimmer \u00fcber Wendeltreppe in Dachspitze. Miete: 46,00 x 8,20 \u20ac = 377,20 \u20ac zuz\u00fcglich Nebenkosten 140,00 \u20ac &hellip; <a href=\"https:\/\/pescher130.de\/?page_id=14\">Weiterlesen <span class=\"meta-nav\">&rarr;<\/span><\/a><\/p>\n","protected":false},"author":1,"featured_media":0,"parent":12,"menu_order":0,"comment_status":"closed","ping_status":"closed","template":"","meta":[],"_links":{"self":[{"href":"https:\/\/pescher130.de\/index.php?rest_route=\/wp\/v2\/pages\/14"}],"collection":[{"href":"https:\/\/pescher130.de\/index.php?rest_route=\/wp\/v2\/pages"}],"about":[{"href":"https:\/\/pescher130.de\/index.php?rest_route=\/wp\/v2\/types\/page"}],"author":[{"embeddable":true,"href":"https:\/\/pescher130.de\/index.php?rest_route=\/wp\/v2\/users\/1"}],"replies":[{"embeddable":true,"href":"https:\/\/pescher130.de\/index.php?rest_route=%2Fwp%2Fv2%2Fcomments&post=14"}],"version-history":[{"count":9,"href":"https:\/\/pescher130.de\/index.php?rest_route=\/wp\/v2\/pages\/14\/revisions"}],"predecessor-version":[{"id":59,"href":"https:\/\/pescher130.de\/index.php?rest_route=\/wp\/v2\/pages\/14\/revisions\/59"}],"up":[{"embeddable":true,"href":"https:\/\/pescher130.de\/index.php?rest_route=\/wp\/v2\/pages\/12"}],"wp:attachment":[{"href":"https:\/\/pescher130.de\/index.php?rest_route=%2Fwp%2Fv2%2Fmedia&parent=14"}],"curies":[{"name":"wp","href":"https:\/\/api.w.org\/{rel}","templated":true}]}}