{"id":2,"date":"2011-10-18T11:32:57","date_gmt":"2011-10-18T11:32:57","guid":{"rendered":"http:\/\/pescher130.de\/?page_id=2"},"modified":"2013-10-01T15:05:14","modified_gmt":"2013-10-01T15:05:14","slug":"beispiel-seite","status":"publish","type":"page","link":"https:\/\/pescher130.de\/?page_id=2","title":{"rendered":"Erdgeschoss &#038; Souterrain"},"content":{"rendered":"<p><a href=\"http:\/\/pescher130.de\/wp-content\/uploads\/2011\/10\/erdgeschoss.jpg\"><img loading=\"lazy\" class=\"alignnone size-full wp-image-62\" title=\"erdgeschoss\" src=\"http:\/\/pescher130.de\/wp-content\/uploads\/2011\/10\/erdgeschoss.jpg\" alt=\"\" width=\"500\" height=\"339\" srcset=\"https:\/\/pescher130.de\/wp-content\/uploads\/2011\/10\/erdgeschoss.jpg 500w, https:\/\/pescher130.de\/wp-content\/uploads\/2011\/10\/erdgeschoss-300x203.jpg 300w, https:\/\/pescher130.de\/wp-content\/uploads\/2011\/10\/erdgeschoss-442x300.jpg 442w\" sizes=\"(max-width: 500px) 100vw, 500px\" \/><\/a><\/p>\n<p>Wohnung Nr. 1<\/p>\n<p><strong>4 Zimmer ca. 95qm<\/strong><\/p>\n<p>Erdgeschoss mit Souterrain \u00fcber Wendeltreppe ca 95,00qm.<\/p>\n<p>Gro\u00dfer Wohnraum ca. 35 qm und gro\u00dfer Balkon zur S\u00fcdseite, Schlaf-, Kinder- und G\u00e4stezimmer, zwei Badezimmer mit Dusche. K\u00fcche, Diele und Abstellraum.<\/p>\n<p>Miete:<br \/>\n95,00 x 7,80 \u20ac = 741,00 \u20ac zuz\u00fcglich Nebenkosten 230,00 \u20ac.<\/p>\n<p>Kaution 1482,00 \u20ac<\/p>\n<p>Garage = 50 \u20ac &#8211; Stellplatz = 25 \u20ac<!-- PHP 5.x --><\/p>\n","protected":false},"excerpt":{"rendered":"<p>Wohnung Nr. 1 4 Zimmer ca. 95qm Erdgeschoss mit Souterrain \u00fcber Wendeltreppe ca 95,00qm. Gro\u00dfer Wohnraum ca. 35 qm und gro\u00dfer Balkon zur S\u00fcdseite, Schlaf-, Kinder- und G\u00e4stezimmer, zwei Badezimmer mit Dusche. K\u00fcche, Diele und Abstellraum. Miete: 95,00 x 7,80 &hellip; <a href=\"https:\/\/pescher130.de\/?page_id=2\">Weiterlesen <span class=\"meta-nav\">&rarr;<\/span><\/a><\/p>\n","protected":false},"author":1,"featured_media":0,"parent":0,"menu_order":0,"comment_status":"closed","ping_status":"closed","template":"","meta":[],"_links":{"self":[{"href":"https:\/\/pescher130.de\/index.php?rest_route=\/wp\/v2\/pages\/2"}],"collection":[{"href":"https:\/\/pescher130.de\/index.php?rest_route=\/wp\/v2\/pages"}],"about":[{"href":"https:\/\/pescher130.de\/index.php?rest_route=\/wp\/v2\/types\/page"}],"author":[{"embeddable":true,"href":"https:\/\/pescher130.de\/index.php?rest_route=\/wp\/v2\/users\/1"}],"replies":[{"embeddable":true,"href":"https:\/\/pescher130.de\/index.php?rest_route=%2Fwp%2Fv2%2Fcomments&post=2"}],"version-history":[{"count":19,"href":"https:\/\/pescher130.de\/index.php?rest_route=\/wp\/v2\/pages\/2\/revisions"}],"predecessor-version":[{"id":4,"href":"https:\/\/pescher130.de\/index.php?rest_route=\/wp\/v2\/pages\/2\/revisions\/4"}],"wp:attachment":[{"href":"https:\/\/pescher130.de\/index.php?rest_route=%2Fwp%2Fv2%2Fmedia&parent=2"}],"curies":[{"name":"wp","href":"https:\/\/api.w.org\/{rel}","templated":true}]}}