{"id":6,"date":"2011-10-18T11:47:55","date_gmt":"2011-10-18T11:47:55","guid":{"rendered":"http:\/\/pescher130.de\/?page_id=6"},"modified":"2011-10-19T12:51:05","modified_gmt":"2011-10-19T12:51:05","slug":"buro-erdgeschoss","status":"publish","type":"page","link":"https:\/\/pescher130.de\/?page_id=6","title":{"rendered":"B\u00fcro (Erdgeschoss)"},"content":{"rendered":"<p style=\"text-align: left;\"><a href=\"http:\/\/pescher130.de\/wp-content\/uploads\/2011\/10\/b%C3%BCro_erdgeschoss.jpg\"><img loading=\"lazy\" class=\"alignnone size-full wp-image-44\" title=\"b\u00fcro_erdgeschoss\" src=\"http:\/\/pescher130.de\/wp-content\/uploads\/2011\/10\/b%C3%BCro_erdgeschoss.jpg\" alt=\"\" width=\"193\" height=\"400\" \/><\/a><\/p>\n<p style=\"text-align: left;\">B\u00fcroraum Nr. 6<\/p>\n<p style=\"text-align: left;\"><strong>B\u00fcro ca. 30qm<\/strong><\/p>\n<p style=\"text-align: left;\">B\u00fcroraum ca. 30 qm mit separatem Eingang, 2 R\u00e4ume, kleine Kochecke, WC und Dusche. Boden komplett gefliest mit Fu\u00dfbodenheizung.<\/p>\n<p style=\"text-align: left;\">Miete:<br \/>\n30,00 x\u00a0 8,20 \u20ac = 246,00 \u20ac zuz\u00fcglich Nebenkosten 95,00 \u20ac<br \/>\nKaution: 500 \u20ac<br \/>\nGarage= 50,00 \u20ac &#8211; Stellplatz =25,00 \u20ac<\/p>\n<p style=\"text-align: left;\">\n<p><!-- PHP 5.x --><\/p>\n","protected":false},"excerpt":{"rendered":"<p>B\u00fcroraum Nr. 6 B\u00fcro ca. 30qm B\u00fcroraum ca. 30 qm mit separatem Eingang, 2 R\u00e4ume, kleine Kochecke, WC und Dusche. Boden komplett gefliest mit Fu\u00dfbodenheizung. Miete: 30,00 x\u00a0 8,20 \u20ac = 246,00 \u20ac zuz\u00fcglich Nebenkosten 95,00 \u20ac Kaution: 500 \u20ac &hellip; <a href=\"https:\/\/pescher130.de\/?page_id=6\">Weiterlesen <span class=\"meta-nav\">&rarr;<\/span><\/a><\/p>\n","protected":false},"author":1,"featured_media":0,"parent":0,"menu_order":0,"comment_status":"closed","ping_status":"closed","template":"","meta":[],"_links":{"self":[{"href":"https:\/\/pescher130.de\/index.php?rest_route=\/wp\/v2\/pages\/6"}],"collection":[{"href":"https:\/\/pescher130.de\/index.php?rest_route=\/wp\/v2\/pages"}],"about":[{"href":"https:\/\/pescher130.de\/index.php?rest_route=\/wp\/v2\/types\/page"}],"author":[{"embeddable":true,"href":"https:\/\/pescher130.de\/index.php?rest_route=\/wp\/v2\/users\/1"}],"replies":[{"embeddable":true,"href":"https:\/\/pescher130.de\/index.php?rest_route=%2Fwp%2Fv2%2Fcomments&post=6"}],"version-history":[{"count":7,"href":"https:\/\/pescher130.de\/index.php?rest_route=\/wp\/v2\/pages\/6\/revisions"}],"predecessor-version":[{"id":98,"href":"https:\/\/pescher130.de\/index.php?rest_route=\/wp\/v2\/pages\/6\/revisions\/98"}],"wp:attachment":[{"href":"https:\/\/pescher130.de\/index.php?rest_route=%2Fwp%2Fv2%2Fmedia&parent=6"}],"curies":[{"name":"wp","href":"https:\/\/api.w.org\/{rel}","templated":true}]}}